{"id":218356,"date":"2024-08-07T22:58:27","date_gmt":"2024-08-07T22:58:27","guid":{"rendered":"http:\/\/cns-foundation.org\/?page_id=218356"},"modified":"2024-08-07T23:42:17","modified_gmt":"2024-08-07T23:42:17","slug":"codigo-de-vestimenta","status":"publish","type":"page","link":"https:\/\/cns-foundation.org\/es\/codigo-de-vestimenta\/","title":{"rendered":"Codigo de Vestimenta"},"content":{"rendered":"<p>[et_pb_section fb_built=&#8221;1&#8243; fullwidth=&#8221;on&#8221; next_background_color=&#8221;#ffffff&#8221; admin_label=&#8221;Header Section&#8221; _builder_version=&#8221;4.19.0&#8243; background_color=&#8221;#000000&#8243; width_tablet=&#8221;&#8221; width_phone=&#8221;100%&#8221; width_last_edited=&#8221;on|phone&#8221; max_width_tablet=&#8221;&#8221; max_width_phone=&#8221;100%&#8221; max_width_last_edited=&#8221;on|phone&#8221; height_tablet=&#8221;&#8221; height_phone=&#8221;170px&#8221; height_last_edited=&#8221;on|phone&#8221; bottom_divider_style=&#8221;ramp&#8221; bottom_divider_flip=&#8221;horizontal&#8221; da_disable_devices=&#8221;off|off|off&#8221; global_colors_info=&#8221;{}&#8221; da_is_popup=&#8221;off&#8221; da_exit_intent=&#8221;off&#8221; da_has_close=&#8221;on&#8221; da_alt_close=&#8221;off&#8221; da_dark_close=&#8221;off&#8221; da_not_modal=&#8221;on&#8221; da_is_singular=&#8221;off&#8221; da_with_loader=&#8221;off&#8221; da_has_shadow=&#8221;on&#8221;][et_pb_fullwidth_header title=&#8221;Colorado New style foundation&#8221; subhead=&#8221;Pol\u00edtica de C\u00f3digo de Vestimenta&#8221; text_orientation=&#8221;center&#8221; button_one_url=&#8221;https:\/\/donorbox.org\/donatecns&#8221; content_max_width=&#8221;550%&#8221; button_one_text_tablet=&#8221;&#8221; button_one_text_phone=&#8221;&#8221; button_one_text_last_edited=&#8221;on|phone&#8221; button_two_text_tablet=&#8221;&#8221; button_two_text_phone=&#8221;&#8221; button_two_text_last_edited=&#8221;on|phone&#8221; content_max_width_tablet=&#8221;&#8221; content_max_width_phone=&#8221;&#8221; content_max_width_last_edited=&#8221;on|phone&#8221; _builder_version=&#8221;4.25.0&#8243; title_font=&#8221;Oswald|||on|||||&#8221; title_font_size=&#8221;46px&#8221; title_letter_spacing=&#8221;3px&#8221; title_line_height=&#8221;1.5em&#8221; content_font=&#8221;Lora||||||||&#8221; content_font_size=&#8221;22px&#8221; content_line_height=&#8221;2em&#8221; subhead_font=&#8221;Lora|700|||||||&#8221; subhead_font_size=&#8221;60px&#8221; subhead_line_height=&#8221;1.5em&#8221; background_color=&#8221;rgba(255,255,255,0)&#8221; background_image=&#8221;http:\/\/cns-foundation.org\/wp-content\/uploads\/2020\/05\/Taya-cnsf-web.jpg&#8221; parallax=&#8221;on&#8221; parallax_method=&#8221;on&#8221; custom_button_one=&#8221;on&#8221; button_one_text_size=&#8221;16px&#8221; button_one_text_color=&#8221;#ffffff&#8221; button_one_bg_color=&#8221;#d29f68&#8243; button_one_border_width=&#8221;15px&#8221; button_one_border_color=&#8221;rgba(210,159,104,0)&#8221; button_one_border_radius=&#8221;100px&#8221; button_one_letter_spacing=&#8221;3px&#8221; button_one_font=&#8221;Oswald|||on|||||&#8221; button_one_use_icon=&#8221;off&#8221; button_one_custom_margin_tablet=&#8221;&#8221; button_one_custom_margin_phone=&#8221;||||false|false&#8221; button_one_custom_margin_last_edited=&#8221;on|phone&#8221; button_one_custom_padding=&#8221;||||false|false&#8221; custom_button_two=&#8221;on&#8221; button_two_text_size=&#8221;16px&#8221; button_two_text_color=&#8221;#ffffff&#8221; button_two_bg_color=&#8221;rgba(255,255,255,0.35)&#8221; button_two_border_width=&#8221;15px&#8221; button_two_border_color=&#8221;rgba(0,0,0,0)&#8221; button_two_border_radius=&#8221;100px&#8221; button_two_letter_spacing=&#8221;3px&#8221; button_two_font=&#8221;Oswald|||on|||||&#8221; button_two_use_icon=&#8221;off&#8221; height_tablet=&#8221;&#8221; height_phone=&#8221;189px&#8221; height_last_edited=&#8221;on|phone&#8221; custom_margin=&#8221;|||&#8221; custom_padding=&#8221;90px||170px||false|false&#8221; custom_padding_tablet=&#8221;&#8221; custom_padding_phone=&#8221;10px||10px||true|false&#8221; custom_padding_last_edited=&#8221;on|phone&#8221; animation_style=&#8221;zoom&#8221; animation_duration=&#8221;2000ms&#8221; animation_intensity_zoom=&#8221;4%&#8221; link_option_url_new_window=&#8221;on&#8221; title_font_size_tablet=&#8221;46px&#8221; title_font_size_phone=&#8221;15px&#8221; title_font_size_last_edited=&#8221;on|phone&#8221; subhead_font_size_tablet=&#8221;&#8221; subhead_font_size_phone=&#8221;20px&#8221; subhead_font_size_last_edited=&#8221;on|phone&#8221; background_last_edited=&#8221;on|phone&#8221; parallax_phone=&#8221;off&#8221; button_one_text_size_tablet=&#8221;&#8221; button_one_text_size_phone=&#8221;12px&#8221; button_one_text_size_last_edited=&#8221;on|phone&#8221; button_two_text_size_tablet=&#8221;&#8221; button_two_text_size_phone=&#8221;8px&#8221; button_two_text_size_last_edited=&#8221;on|phone&#8221; title_text_shadow_style=&#8221;preset1&#8243; subhead_text_shadow_style=&#8221;preset1&#8243; button_one_border_radius_hover=&#8221;100px&#8221; button_one_bg_color_hover=&#8221;#cc8d66&#8243; button_two_bg_color_hover=&#8221;#d29f68&#8243; global_colors_info=&#8221;{}&#8221; button_one_text_size__hover_enabled=&#8221;off&#8221; button_two_text_size__hover_enabled=&#8221;off&#8221; button_one_text_color__hover_enabled=&#8221;off&#8221; button_two_text_color__hover_enabled=&#8221;off&#8221; button_one_border_width__hover_enabled=&#8221;off&#8221; button_two_border_width__hover_enabled=&#8221;off&#8221; button_one_border_color__hover_enabled=&#8221;off&#8221; button_two_border_color__hover_enabled=&#8221;off&#8221; button_one_border_radius__hover_enabled=&#8221;on&#8221; button_one_border_radius__hover=&#8221;100px&#8221; button_two_border_radius__hover_enabled=&#8221;off&#8221; button_one_letter_spacing__hover_enabled=&#8221;off&#8221; button_two_letter_spacing__hover_enabled=&#8221;off&#8221; button_one_bg_color__hover_enabled=&#8221;on&#8221; button_one_bg_color__hover=&#8221;#cc8d66&#8243; button_two_bg_color__hover_enabled=&#8221;on&#8221; button_two_bg_color__hover=&#8221;#d29f68&#8243;][\/et_pb_fullwidth_header][\/et_pb_section][et_pb_section fb_built=&#8221;1&#8243; admin_label=&#8221;About Section&#8221; _builder_version=&#8221;4.16&#8243; custom_padding=&#8221;113px|0px|140px|0px|false|false&#8221; animation_style=&#8221;fold&#8221; animation_intensity_fold=&#8221;16%&#8221; da_disable_devices=&#8221;off|off|off&#8221; global_colors_info=&#8221;{}&#8221; da_is_popup=&#8221;off&#8221; da_exit_intent=&#8221;off&#8221; da_has_close=&#8221;on&#8221; da_alt_close=&#8221;off&#8221; da_dark_close=&#8221;off&#8221; da_not_modal=&#8221;on&#8221; da_is_singular=&#8221;off&#8221; da_with_loader=&#8221;off&#8221; da_has_shadow=&#8221;on&#8221;][et_pb_row _builder_version=&#8221;4.25.0&#8243; _module_preset=&#8221;default&#8221; global_colors_info=&#8221;{}&#8221;][et_pb_column type=&#8221;4_4&#8243; _builder_version=&#8221;4.25.0&#8243; _module_preset=&#8221;default&#8221; global_colors_info=&#8221;{}&#8221;][dvmd_table_maker tbl_title_mode=&#8221;on&#8221; tbl_title_text=&#8221;Codigo de Vestimenta&#8221; tbl_title_spacing=&#8221;25px&#8221; tbl_row_header_count=&#8221;0&#8243; tbl_responsive_breakpoint=&#8221;max_width_767&#8243; tbl_responsive_break_by=&#8221;row&#8221; tbl_responsive_block_margin=&#8221;49px&#8221; tbl_frame_gap_col=&#8221;5px&#8221; tbl_frame_gap_row=&#8221;5px&#8221; tbl_tcell_cell_align_horz=&#8221;center&#8221; tbl_tcell_cell_align_vert=&#8221;center&#8221; _builder_version=&#8221;4.25.0&#8243; _module_preset=&#8221;default&#8221; tbl_title_font=&#8221;Lora|700|||||||&#8221; tbl_title_text_align=&#8221;center&#8221; tbl_title_text_color=&#8221;#939393&#8243; tbl_tcell_text_font=&#8221;Lora|700|||||||&#8221; tbl_tcell_text_font_size=&#8221;15px&#8221; animation_style=&#8221;slide&#8221; hover_enabled=&#8221;0&#8243; border_radii_tbl_tcell_cell_border=&#8221;on|8px|8px|8px|8px&#8221; border_width_right_tbl_tcell_cell_border=&#8221;2px&#8221; border_color_right_tbl_tcell_cell_border=&#8221;RGBA(255,255,255,0)&#8221; global_colors_info=&#8221;{}&#8221; sticky_enabled=&#8221;0&#8243; custom_margin=&#8221;||76px|||&#8221;][dvmd_table_maker_item col_label=&#8221;Clase&#8221; col_content=&#8221;Clase<br \/>\nTeen Ballet<br \/>\nKids Ballet<br \/>\nJazz<br \/>\nAcrodance<br \/>\nReggaeton<br \/>\nLatin Dance&#8221; _builder_version=&#8221;4.25.0&#8243; _module_preset=&#8221;default&#8221; global_colors_info=&#8221;{}&#8221;][\/dvmd_table_maker_item][dvmd_table_maker_item col_label=&#8221;Parte superior&#8221; col_content=&#8221;Parte superior<br \/>\nLeotardo negro<br \/>\nLeotardo de color rosa o color piel<br \/>\nCamisetas con mangas que cubran los hombros<br \/>\nLeotardo para ni\u00f1as (solo camiseta sin mangas ajustada para ni\u00f1os) ABSOLUTAMENTE NO SE PERMITE ROPA HOLGADA<br \/>\nCamiseta o camiseta sin mangas<br \/>\nAjustado: Top corto, sujetador deportivo, camiseta sin mangas. Cualquier prenda holgada debe tener algo ajustado debajo que sea c\u00f3modo para bailar por s\u00ed mismo&#8221; _builder_version=&#8221;4.25.0&#8243; _module_preset=&#8221;default&#8221; global_colors_info=&#8221;{}&#8221;][\/dvmd_table_maker_item][dvmd_table_maker_item col_label=&#8221;Parte inferior&#8221; col_content=&#8221;Parte inferior<br \/>\nMedias rosas o color piel<br \/>\nMedias rosas o color piel<br \/>\nLeggings, pantalones de jogging, pantalones de yoga, shorts de ciclista, etc.<br \/>\nLeggings o shorts. ABSOLUTAMENTE NO SE PERMITE ROPA HOLGADA<br \/>\nLeggings, pantalones de jogging, pantalones de yoga, shorts de ciclista, etc.<br \/>\nLeggings, etc. Cualquier prenda holgada debe tener algo ajustado debajo que sea c\u00f3modo para bailar por s\u00ed mismo&#8221; _builder_version=&#8221;4.25.0&#8243; _module_preset=&#8221;default&#8221; global_colors_info=&#8221;{}&#8221;][\/dvmd_table_maker_item][dvmd_table_maker_item col_label=&#8221;Zapatos&#8221; col_content=&#8221;Zapatos<br \/>\nZapatillas de ballet rosas o color piel<br \/>\nZapatillas de ballet rosas o color piel<br \/>\nPies descalzos, se recomiendan guantes para los pies a medida que avancen<br \/>\nPies descalzos<br \/>\nTenis aprobados por el estudio con suelas que no dejen marcas y que NO se usen fuera. Solo zapatos de baile<br \/>\nZapatos de jazz negros y tac\u00f3n latino (deben ser directamente de la tienda CNSF)&#8221; _builder_version=&#8221;4.25.0&#8243; _module_preset=&#8221;default&#8221; global_colors_info=&#8221;{}&#8221;][\/dvmd_table_maker_item][dvmd_table_maker_item col_label=&#8221;Cabello&#8221; col_content=&#8221;Cabello<br \/>\nMo\u00f1o apretado<br \/>\nMo\u00f1o apretado<br \/>\nBien recogido, fuera de la cara<br \/>\nCola baja o mo\u00f1o bajo<br \/>\nCola de caballo o cabello asegurado fuera de la cara<br \/>\nBien recogido, fuera de la cara&#8221; _builder_version=&#8221;4.25.0&#8243; _module_preset=&#8221;default&#8221; global_colors_info=&#8221;{}&#8221;][\/dvmd_table_maker_item][\/dvmd_table_maker][et_pb_divider _builder_version=&#8221;4.25.0&#8243; _module_preset=&#8221;default&#8221; hover_enabled=&#8221;0&#8243; sticky_enabled=&#8221;0&#8243; color=&#8221;rgba(0,0,0,0.6)&#8221;][\/et_pb_divider][et_pb_text _builder_version=&#8221;4.25.0&#8243; _module_preset=&#8221;default&#8221; hover_enabled=&#8221;0&#8243; sticky_enabled=&#8221;0&#8243; text_font_size=&#8221;17px&#8221;]<\/p>\n<h3 style=\"text-align: center;\"><strong>Pol\u00edtica de C\u00f3digo de Vestimenta del Estudio<\/strong><\/h3>\n<p><strong>1. Objetivo<\/strong><\/p>\n<p>El objetivo de esta pol\u00edtica es asegurar que todos los estudiantes se presenten a las clases con una vestimenta adecuada que promueva la seguridad, la comodidad y la uniformidad, y que permita a los instructores evaluar y corregir las t\u00e9cnicas de manera efectiva.<\/p>\n<p><strong>2. Reglas de Vestimenta por Clase<\/strong><\/p>\n<ul>\n<li><strong>Teen Ballet<\/strong>\n<ul>\n<li><strong>Parte superior<\/strong>: Leotardo negro<\/li>\n<li><strong>Parte inferior<\/strong>: Medias rosas o color piel<\/li>\n<li><strong>Zapatos<\/strong>: Zapatillas de ballet rosas o color piel<\/li>\n<li><strong>Cabello<\/strong>: Mo\u00f1o apretado<\/li>\n<\/ul>\n<\/li>\n<li><strong>Kids Ballet<\/strong>\n<ul>\n<li><strong>Parte superior<\/strong>: Leotardo rosa o color piel<\/li>\n<li><strong>Parte inferior<\/strong>: Medias rosas o color piel<\/li>\n<li><strong>Zapatos<\/strong>: Zapatillas de ballet rosas o color piel<\/li>\n<li><strong>Cabello<\/strong>: Mo\u00f1o apretado<\/li>\n<\/ul>\n<\/li>\n<li><strong>Jazz<\/strong>\n<ul>\n<li><strong>Parte superior<\/strong>: Camisetas con mangas que cubran los hombros<\/li>\n<li><strong>Parte inferior<\/strong>: Leggings, pantalones de jogging, pantalones de yoga, shorts de ciclista, etc.<\/li>\n<li><strong>Zapatos<\/strong>: Pies descalzos; se recomiendan guantes para los pies a medida que avancen<\/li>\n<li><strong>Cabello<\/strong>: Bien recogido, fuera de la cara<\/li>\n<\/ul>\n<\/li>\n<li><strong>Acrodance<\/strong>\n<ul>\n<li><strong>Parte superior<\/strong>: Leotardo para ni\u00f1as (solo camiseta sin mangas ajustada para ni\u00f1os). ABSOLUTAMENTE NO SE PERMITE ROPA HOLGADA<\/li>\n<li><strong>Parte inferior<\/strong>: Leggings o shorts. ABSOLUTAMENTE NO SE PERMITE ROPA HOLGADA<\/li>\n<li><strong>Zapatos<\/strong>: Pies descalzos<\/li>\n<li><strong>Cabello<\/strong>: Cola baja o mo\u00f1o bajo<\/li>\n<\/ul>\n<\/li>\n<li><strong>Reggaeton<\/strong>\n<ul>\n<li><strong>Parte superior<\/strong>: Camiseta o camiseta sin mangas<\/li>\n<li><strong>Parte inferior<\/strong>: Leggings, pantalones de jogging, pantalones de yoga, shorts de ciclista, etc.<\/li>\n<li><strong>Zapatos<\/strong>: Tenis aprobados por el estudio con suelas que no dejen marcas y que NO se usen fuera. Solo zapatos de baile<\/li>\n<li><strong>Cabello<\/strong>: Cola de caballo o cabello asegurado fuera de la cara<\/li>\n<\/ul>\n<\/li>\n<li><strong>Latin Dance<\/strong>\n<ul>\n<li><strong>Parte superior<\/strong>: Ajustado: Top corto, sujetador deportivo, camiseta sin mangas. Cualquier prenda holgada debe tener algo ajustado debajo que sea c\u00f3modo para bailar por s\u00ed mismo<\/li>\n<li><strong>Parte inferior<\/strong>: Leggings, etc. Cualquier prenda holgada debe tener algo ajustado debajo que sea c\u00f3modo para bailar por s\u00ed mismo<\/li>\n<li><strong>Zapatos<\/strong>: Zapatos de jazz negros y tac\u00f3n latino (deben ser directamente de la tienda CNSF)<\/li>\n<li><strong>Cabello<\/strong>: Bien recogido, fuera de la cara<\/li>\n<\/ul>\n<\/li>\n<\/ul>\n<p><strong>3. Excepciones y Adaptaciones<\/strong><\/p>\n<ul>\n<li><strong>Condiciones M\u00e9dicas<\/strong>: Los estudiantes con condiciones m\u00e9dicas que requieran adaptaciones en el dress code deben presentar una nota del m\u00e9dico. Las adaptaciones se realizar\u00e1n de manera que se mantenga la seguridad y comodidad del estudiante.<\/li>\n<li><strong>Eventos Especiales<\/strong>: Para presentaciones, competencias y otros eventos especiales, se pueden requerir vestimentas espec\u00edficas adicionales, las cuales ser\u00e1n comunicadas con antelaci\u00f3n.<\/li>\n<\/ul>\n<p><strong>4. Cumplimiento<\/strong><\/p>\n<ul>\n<li><strong>Primera Advertencia<\/strong>: Los estudiantes que no cumplan con el dress code recibir\u00e1n una advertencia verbal y se les pedir\u00e1 que cumplan con la pol\u00edtica en la pr\u00f3xima clase.<\/li>\n<li><strong>Segunda Advertencia<\/strong>: Si el incumplimiento contin\u00faa, se enviar\u00e1 una notificaci\u00f3n escrita a los padres o tutores del estudiante.<\/li>\n<li><strong>Consecuencias Adicionales<\/strong>: La persistencia en el incumplimiento del dress code puede resultar en la exclusi\u00f3n temporal de las clases hasta que se cumpla con la pol\u00edtica.<\/li>\n<\/ul>\n<p><strong>5. Comunicaci\u00f3n<\/strong><\/p>\n<ul>\n<li><strong>Distribuci\u00f3n de la Pol\u00edtica<\/strong>: Esta pol\u00edtica se comunicar\u00e1 a todos los estudiantes y sus familias al inicio de cada a\u00f1o acad\u00e9mico y estar\u00e1 disponible en el sitio web del estudio.<\/li>\n<li><strong>Actualizaciones<\/strong>: Cualquier cambio en la pol\u00edtica de dress code ser\u00e1 comunicado por escrito con un mes de antelaci\u00f3n a su implementaci\u00f3n.<\/li>\n<\/ul>\n<p><strong>6. Contacto<\/strong><\/p>\n<p>Para cualquier duda o preocupaci\u00f3n relacionada con esta pol\u00edtica, los estudiantes y sus familias pueden contactar a la administraci\u00f3n del estudio a trav\u00e9s de los siguientes medios:<\/p>\n<ul>\n<li><strong>Correo Electr\u00f3nico<\/strong>: conewstylefoundation@gmail.com<\/li>\n<li><strong>Tel\u00e9fono<\/strong>: (720) 271-9466<\/li>\n<\/ul>\n<p>[\/et_pb_text][\/et_pb_column][\/et_pb_row][\/et_pb_section][et_pb_section fb_built=&#8221;1&#8243; admin_label=&#8221;Footer Section&#8221; _builder_version=&#8221;4.16&#8243; background_color=&#8221;#232220&#8243; use_background_color_gradient=&#8221;on&#8221; background_color_gradient_stops=&#8221;#232220 25%|rgba(35,34,32,0.13) 100%&#8221; background_color_gradient_overlays_image=&#8221;on&#8221; background_color_gradient_start=&#8221;#232220&#8243; background_color_gradient_start_position=&#8221;25%&#8221; background_color_gradient_end=&#8221;rgba(35,34,32,0.13)&#8221; background_image=&#8221;http:\/\/cns-foundation.org\/wp-content\/uploads\/2020\/05\/CNS-Foundation-subcribe-web.jpg&#8221; height=&#8221;635px&#8221; height_tablet=&#8221;535px&#8221; height_phone=&#8221;435px&#8221; height_last_edited=&#8221;on|phone&#8221; custom_padding=&#8221;80px|0px|80px|0px|true|false&#8221; da_disable_devices=&#8221;off|off|off&#8221; saved_tabs=&#8221;all&#8221; global_colors_info=&#8221;{}&#8221; da_is_popup=&#8221;off&#8221; da_exit_intent=&#8221;off&#8221; da_has_close=&#8221;on&#8221; da_alt_close=&#8221;off&#8221; da_dark_close=&#8221;off&#8221; da_not_modal=&#8221;on&#8221; da_is_singular=&#8221;off&#8221; da_with_loader=&#8221;off&#8221; da_has_shadow=&#8221;on&#8221;][et_pb_row column_structure=&#8221;1_4,1_2,1_4&#8243; admin_label=&#8221;Subscribe&#8221; _builder_version=&#8221;4.16&#8243; custom_margin=&#8221;|||&#8221; custom_padding=&#8221;|||&#8221; animation_style=&#8221;zoom&#8221; animation_intensity_zoom=&#8221;5%&#8221; global_colors_info=&#8221;{}&#8221;][et_pb_column type=&#8221;1_4&#8243; _builder_version=&#8221;4.16&#8243; custom_padding=&#8221;|||&#8221; global_colors_info=&#8221;{}&#8221; custom_padding__hover=&#8221;|||&#8221;][\/et_pb_column][et_pb_column type=&#8221;1_2&#8243; _builder_version=&#8221;4.16&#8243; custom_padding=&#8221;|||&#8221; global_colors_info=&#8221;{}&#8221; custom_padding__hover=&#8221;|||&#8221;][et_pb_signup mailchimp_list=&#8221;Colorado New Style Foundation|32500e73dc&#8221; first_name_field=&#8221;off&#8221; last_name_field=&#8221;off&#8221; title=&#8221;\u00danete a nuestro bolet\u00edn&#8221; _builder_version=&#8221;4.25.0&#8243; form_field_background_color=&#8221;rgba(255,255,255,0.24)&#8221; form_field_text_color=&#8221;#ffffff&#8221; form_field_focus_background_color=&#8221;#ffffff&#8221; form_field_focus_text_color=&#8221;#000000&#8243; header_font=&#8221;Lora|700|||||||&#8221; header_font_size=&#8221;45px&#8221; header_line_height=&#8221;1.5em&#8221; body_font=&#8221;Lora||||||||&#8221; body_font_size=&#8221;18px&#8221; body_line_height=&#8221;2em&#8221; result_message_font=&#8221;||||||||&#8221; use_background_color=&#8221;off&#8221; custom_button=&#8221;on&#8221; button_text_size=&#8221;16px&#8221; button_bg_color=&#8221;#d29f68&#8243; button_border_width=&#8221;15px&#8221; button_border_color=&#8221;rgba(210,159,104,0)&#8221; button_border_radius=&#8221;59px&#8221; button_letter_spacing=&#8221;3px&#8221; button_font=&#8221;Oswald|||on|||||&#8221; button_use_icon=&#8221;off&#8221; text_orientation=&#8221;center&#8221; header_font_size_tablet=&#8221;40px&#8221; header_font_size_phone=&#8221;25px&#8221; header_font_size_last_edited=&#8221;on|phone&#8221; form_field_font_size_tablet=&#8221;&#8221; form_field_font_size_phone=&#8221;14px&#8221; form_field_font_size_last_edited=&#8221;on|phone&#8221; button_text_size_tablet=&#8221;&#8221; button_text_size_phone=&#8221;&#8221; button_text_size_last_edited=&#8221;on|phone&#8221; border_radii_fields=&#8221;on|30px|30px|30px|30px&#8221; button_bg_color_hover=&#8221;#cc8d66&#8243; focus_background_color=&#8221;#ffffff&#8221; focus_text_color=&#8221;#000000&#8243; global_colors_info=&#8221;{}&#8221; button_text_size__hover_enabled=&#8221;off&#8221; button_one_text_size__hover_enabled=&#8221;off&#8221; button_two_text_size__hover_enabled=&#8221;off&#8221; button_text_color__hover_enabled=&#8221;off&#8221; button_one_text_color__hover_enabled=&#8221;off&#8221; button_two_text_color__hover_enabled=&#8221;off&#8221; button_border_width__hover_enabled=&#8221;off&#8221; button_one_border_width__hover_enabled=&#8221;off&#8221; button_two_border_width__hover_enabled=&#8221;off&#8221; button_border_color__hover_enabled=&#8221;off&#8221; button_one_border_color__hover_enabled=&#8221;off&#8221; button_two_border_color__hover_enabled=&#8221;off&#8221; button_border_radius__hover_enabled=&#8221;off&#8221; button_one_border_radius__hover_enabled=&#8221;off&#8221; button_two_border_radius__hover_enabled=&#8221;off&#8221; button_letter_spacing__hover_enabled=&#8221;off&#8221; button_one_letter_spacing__hover_enabled=&#8221;off&#8221; button_two_letter_spacing__hover_enabled=&#8221;off&#8221; button_bg_color__hover_enabled=&#8221;on&#8221; button_bg_color__hover=&#8221;#cc8d66&#8243; button_one_bg_color__hover_enabled=&#8221;off&#8221; button_two_bg_color__hover_enabled=&#8221;off&#8221;][\/et_pb_signup][et_pb_social_media_follow use_icon_font_size=&#8221;on&#8221; icon_font_size_tablet=&#8221;&#8221; icon_font_size_phone=&#8221;9px&#8221; icon_font_size_last_edited=&#8221;on|phone&#8221; _builder_version=&#8221;4.16&#8243; text_orientation=&#8221;center&#8221; custom_margin=&#8221;100px|||&#8221; custom_margin_tablet=&#8221;&#8221; custom_margin_phone=&#8221;-20px||||false|false&#8221; custom_margin_last_edited=&#8221;on|phone&#8221; global_colors_info=&#8221;{}&#8221;][et_pb_social_media_follow_network social_network=&#8221;facebook&#8221; url=&#8221;https:\/\/www.facebook.com\/conewstylefoundation\/&#8221; use_icon_font_size=&#8221;on&#8221; _builder_version=&#8221;4.16&#8243; background_color=&#8221;rgba(255,255,255,0.1)&#8221; custom_margin=&#8221;|10px||10px&#8221; custom_padding=&#8221;20px|20px|20px|20px&#8221; border_radii=&#8221;on|50px|50px|50px|50px&#8221; global_colors_info=&#8221;{}&#8221; follow_button=&#8221;off&#8221; url_new_window=&#8221;on&#8221;]facebook[\/et_pb_social_media_follow_network][et_pb_social_media_follow_network social_network=&#8221;instagram&#8221; url=&#8221;https:\/\/instagram.com\/cns_foundation?igshid=1wf5lmtddbtyu&#8221; _builder_version=&#8221;4.16&#8243; background_color=&#8221;rgba(255,255,255,0.1)&#8221; custom_margin=&#8221;|10px||10px&#8221; custom_padding=&#8221;20px|20px|20px|20px&#8221; border_radii=&#8221;on|50px|50px|50px|50px&#8221; global_colors_info=&#8221;{}&#8221; follow_button=&#8221;off&#8221; url_new_window=&#8221;on&#8221;]instagram[\/et_pb_social_media_follow_network][et_pb_social_media_follow_network social_network=&#8221;youtube&#8221; url=&#8221;https:\/\/www.youtube.com\/coloradonewstyle&#8221; _builder_version=&#8221;4.16&#8243; background_color=&#8221;rgba(255,255,255,0.1)&#8221; custom_margin=&#8221;|10px||10px&#8221; custom_padding=&#8221;20px|20px|20px|20px&#8221; border_radii=&#8221;on|50px|50px|50px|50px&#8221; global_colors_info=&#8221;{}&#8221; follow_button=&#8221;off&#8221; url_new_window=&#8221;on&#8221;]youtube[\/et_pb_social_media_follow_network][\/et_pb_social_media_follow][\/et_pb_column][et_pb_column type=&#8221;1_4&#8243; _builder_version=&#8221;4.16&#8243; custom_padding=&#8221;|||&#8221; global_colors_info=&#8221;{}&#8221; custom_padding__hover=&#8221;|||&#8221;][\/et_pb_column][\/et_pb_row][\/et_pb_section]<\/p>\n","protected":false},"excerpt":{"rendered":"<p><div class=\"et_pb_with_border et_pb_module dvmd_table_maker dvmd_table_maker_0 et_animated dvmd_tm_version_3_1_2\">\n\t\t\t\t\n\t\t\t\t\n\t\t\t\t\n\t\t\t\t\n\t\t\t\t\n\t\t\t\t\n\t\t\t\t<div class=\"et_pb_module_inner\">\n\t\t\t\t\t<h2 id=\"dvmd_tm_title_0\" class=\"dvmd_tm_title\">Codigo de Vestimenta<\/h2>\n\t\t\t\t<\/div>\n\t\t\t<\/div><div class=\"dvmd_outer\">\n\t\t\t\t\n\t\t\t\t\n\t\t\t\t\n\t\t\t\t\n\t\t\t\t\n\t\t\t\t\n\t\t\t\t<div class=\"dvmd_inner\">\n\t\t\t\t\t\n\t\t\t\t<\/div>\n\t\t\t<\/div><div class=\"dvmd_outer\">\n\t\t\t\t\n\t\t\t\t\n\t\t\t\t\n\t\t\t\t\n\t\t\t\t\n\t\t\t\t\n\t\t\t\t<div class=\"dvmd_inner\">\n\t\t\t\t\t\n\t\t\t\t<\/div>\n\t\t\t<\/div><\/p>","protected":false},"author":1,"featured_media":0,"parent":0,"menu_order":0,"comment_status":"closed","ping_status":"closed","template":"","meta":{"give_campaign_id":0,"_et_pb_use_builder":"on","_et_pb_old_content":"","_et_gb_content_width":"","footnotes":""},"class_list":["post-218356","page","type-page","status-publish","hentry"],"campaignId":"","_links":{"self":[{"href":"https:\/\/cns-foundation.org\/es\/wp-json\/wp\/v2\/pages\/218356","targetHints":{"allow":["GET"]}}],"collection":[{"href":"https:\/\/cns-foundation.org\/es\/wp-json\/wp\/v2\/pages"}],"about":[{"href":"https:\/\/cns-foundation.org\/es\/wp-json\/wp\/v2\/types\/page"}],"author":[{"embeddable":true,"href":"https:\/\/cns-foundation.org\/es\/wp-json\/wp\/v2\/users\/1"}],"replies":[{"embeddable":true,"href":"https:\/\/cns-foundation.org\/es\/wp-json\/wp\/v2\/comments?post=218356"}],"version-history":[{"count":5,"href":"https:\/\/cns-foundation.org\/es\/wp-json\/wp\/v2\/pages\/218356\/revisions"}],"predecessor-version":[{"id":218368,"href":"https:\/\/cns-foundation.org\/es\/wp-json\/wp\/v2\/pages\/218356\/revisions\/218368"}],"wp:attachment":[{"href":"https:\/\/cns-foundation.org\/es\/wp-json\/wp\/v2\/media?parent=218356"}],"curies":[{"name":"wp","href":"https:\/\/api.w.org\/{rel}","templated":true}]}}